{"id":8721,"date":"2016-08-22T15:12:06","date_gmt":"2016-08-22T13:12:06","guid":{"rendered":"http:\/\/v4.wm-sounds.at\/?page_id=8721"},"modified":"2023-05-14T14:21:19","modified_gmt":"2023-05-14T12:21:19","slug":"ueber-uns","status":"publish","type":"page","link":"https:\/\/www.wm-sounds.at\/home\/ueber-uns\/","title":{"rendered":"\u00dcBER UNS"},"content":{"rendered":"<p>[et_pb_section fb_built=&#8220;1&#8243; custom_padding_last_edited=&#8220;on|desktop&#8220; _builder_version=&#8220;4.16&#8243; background_color=&#8220;rgba(255,255,255,0)&#8220; custom_padding_tablet=&#8220;50px|0|50px|0&#8243; custom_padding_phone=&#8220;&#8220; transparent_background=&#8220;on&#8220; padding_mobile=&#8220;off&#8220; make_fullwidth=&#8220;off&#8220; use_custom_width=&#8220;off&#8220; width_unit=&#8220;on&#8220; global_colors_info=&#8220;{}&#8220;][et_pb_row _builder_version=&#8220;4.16&#8243; background_size=&#8220;initial&#8220; background_position=&#8220;top_left&#8220; background_repeat=&#8220;repeat&#8220; global_colors_info=&#8220;{}&#8220;][et_pb_column type=&#8220;4_4&#8243; _builder_version=&#8220;4.16&#8243; custom_padding=&#8220;|||&#8220; global_colors_info=&#8220;{}&#8220; custom_padding__hover=&#8220;|||&#8220;][et_pb_text _builder_version=&#8220;4.16&#8243; background_size=&#8220;initial&#8220; background_position=&#8220;top_left&#8220; background_repeat=&#8220;repeat&#8220; use_border_color=&#8220;off&#8220; border_color=&#8220;#ffffff&#8220; border_style=&#8220;solid&#8220; global_colors_info=&#8220;{}&#8220;]<\/p>\n<h2 class=\"h2-wms\">ABOUT<\/h2>\n<p>[\/et_pb_text][\/et_pb_column][\/et_pb_row][\/et_pb_section][et_pb_section fb_built=&#8220;1&#8243; custom_padding_last_edited=&#8220;on|desktop&#8220; admin_label=&#8220;section&#8220; _builder_version=&#8220;4.16&#8243; background_color=&#8220;rgba(255,255,255,0)&#8220; custom_padding_tablet=&#8220;50px|0|50px|0&#8243; custom_padding_phone=&#8220;&#8220; transparent_background=&#8220;on&#8220; padding_mobile=&#8220;off&#8220; make_fullwidth=&#8220;off&#8220; use_custom_width=&#8220;off&#8220; width_unit=&#8220;on&#8220; global_colors_info=&#8220;{}&#8220;][et_pb_row padding_mobile=&#8220;off&#8220; column_padding_mobile=&#8220;on&#8220; admin_label=&#8220;row&#8220; _builder_version=&#8220;4.16&#8243; background_size=&#8220;initial&#8220; background_position=&#8220;top_left&#8220; background_repeat=&#8220;repeat&#8220; make_fullwidth=&#8220;off&#8220; use_custom_width=&#8220;off&#8220; width_unit=&#8220;on&#8220; global_colors_info=&#8220;{}&#8220;][et_pb_column type=&#8220;4_4&#8243; _builder_version=&#8220;4.16&#8243; custom_padding=&#8220;|||&#8220; global_colors_info=&#8220;{}&#8220; custom_padding__hover=&#8220;|||&#8220;][et_pb_text _builder_version=&#8220;4.16&#8243; background_size=&#8220;initial&#8220; background_position=&#8220;top_left&#8220; background_repeat=&#8220;repeat&#8220; use_border_color=&#8220;off&#8220; global_colors_info=&#8220;{}&#8220;]Egal ob Maturaball, Clubbing, Open Air oder Firmenevent &#8211; WM-SOUNDS ist der professionelle Partner f\u00fcr Ihre Veranstaltung!<\/p>\n<p>Die gr\u00f6\u00dfte <strong><a href=\"https:\/\/www.wm-sounds.at\/home\/tour\/\">Eventserie<\/a><\/strong> im S\u00fcdosten von \u00d6sterreich und Steiermarks beliebteste <a href=\"https:\/\/www.wm-sounds.at\/home\/balldisco\/\"><strong>Balldisco<\/strong><\/a> kann bereits auf eine \u00fcber 17 Jahre lange Erfolgsgeschichte zur\u00fcckblicken. Unsere <strong><a href=\"http:\/\/eventtechnik.wm-sounds.at\/\" target=\"_blank\" rel=\"noopener\">Eventtechnik<\/a><\/strong> Sparte bietet beste Qualit\u00e4t zum fairen Preis und ist der optimale Partner f\u00fcr kleine bis mittelgro\u00dfe Veranstaltungen!<br \/>\n[\/et_pb_text][et_pb_gallery gallery_ids=&#8220;10690,10688,10686,10687&#8243; show_title_and_caption=&#8220;off&#8220; show_pagination=&#8220;off&#8220; _builder_version=&#8220;4.16&#8243; use_border_color=&#8220;off&#8220; border_color=&#8220;#ffffff&#8220; border_style=&#8220;solid&#8220; global_colors_info=&#8220;{}&#8220;]&nbsp;<br \/>\n[\/et_pb_gallery][et_pb_text _builder_version=&#8220;4.16&#8243; background_size=&#8220;initial&#8220; background_position=&#8220;top_left&#8220; background_repeat=&#8220;repeat&#8220; use_border_color=&#8220;off&#8220; border_color=&#8220;#ffffff&#8220; border_style=&#8220;solid&#8220; global_colors_info=&#8220;{}&#8220;]&nbsp;<\/p>\n<p><strong>Die WM-SOUNDS Chronik<\/strong><strong>:<\/strong><\/p>\n<p>Die Anf\u00e4nge von WM-SOUNDS waren im Jahr 2000 bei unz\u00e4hligen Privatpartys, kleineren Veranstaltungen und bei der ersten Balldisco im Gymnasium Weiz. Das Ziel die Besucher bestm\u00f6glich zu unterhalten war damals schon das Wichtigste bei jeder Veranstaltung. In den weiteren Jahren wurde die Technik immer professioneller, die Bookings immer h\u00e4ufiger und das Gebiet in dem wir Veranstaltungen hatten immer gr\u00f6\u00dfer. Nach der ersten Balldisco im Grazer Congress in der Saison 2002\/2003 konnte auch der Erfolgslauf bei den Maturab\u00e4llen in Graz nicht mehr gestoppt werden.<\/p>\n<p>Der Name PARTYTIME wurde im Jahr 2003 geboren und bezeichnete ab diesem Zeitpunkt unser Paket f\u00fcr gro\u00dfe Events. Erstmals gab es in diesem Jahr bei einigen Veranstaltungen auch eine Video-Wall. Um gegen den starken Mitbewerb diverser Radiodiscos bestehen zu k\u00f6nnen, wurden in den n\u00e4chsten Jahren immer mehr neue Ideen beim Event eingebaut.<\/p>\n<p>Seit 2004 gibt es jedes Jahr die TOURCARD, bei der alle unsere gro\u00dfen Events (Discos, Zeltfeste,&#8230;) in einem Eventkalender f\u00fcr die Geldtasche zusammengefasst sind.<\/p>\n<p>Im Jahr 2005 waren wir bereits bei \u00fcber 30 Veranstaltungen engagiert und bei Maturab\u00e4llen in der ganzen Steiermark und auch im Burgenland vertreten.<br \/>\n[\/et_pb_text][et_pb_gallery gallery_ids=&#8220;9966,9967,9968,9965&#8243; show_title_and_caption=&#8220;off&#8220; show_pagination=&#8220;off&#8220; _builder_version=&#8220;4.16&#8243; use_border_color=&#8220;off&#8220; border_color=&#8220;#ffffff&#8220; border_style=&#8220;solid&#8220; global_colors_info=&#8220;{}&#8220;]&nbsp;<br \/>\n[\/et_pb_gallery][\/et_pb_column][\/et_pb_row][et_pb_row _builder_version=&#8220;4.16&#8243; background_size=&#8220;initial&#8220; background_position=&#8220;top_left&#8220; background_repeat=&#8220;repeat&#8220; global_colors_info=&#8220;{}&#8220;][et_pb_column type=&#8220;4_4&#8243; _builder_version=&#8220;4.16&#8243; custom_padding=&#8220;|||&#8220; global_colors_info=&#8220;{}&#8220; custom_padding__hover=&#8220;|||&#8220;][et_pb_text _builder_version=&#8220;4.16&#8243; background_size=&#8220;initial&#8220; background_position=&#8220;top_left&#8220; background_repeat=&#8220;repeat&#8220; use_border_color=&#8220;off&#8220; border_color=&#8220;#ffffff&#8220; border_style=&#8220;solid&#8220; global_colors_info=&#8220;{}&#8220;]<strong>2006 \u2013 in diesem Jahr hat sich viel getan:<\/strong><\/p>\n<p>Gro\u00dfe technische Investitionen (neue Tonanlage, Erweiterung der Lichtanlage) und einige wichtige \u00c4nderungen pr\u00e4gten das Jahr 2006.<\/p>\n<p>Im Vordergrund stand dabei nicht nur gute Musik zu bieten, sondern jedes Event zu einem einmaligen Erlebnis zu machen. Mit DJ Speedmaster kam einer der besten und erfahrensten steirischen DJs als neuer Resident DJ in unser Team. Neben perfekter Moderation konnte er die Besucher bei jedem Event so richtig mitrei\u00dfen und damals wie heute werden mit ihm immer tolle Partys gefeiert. Um auch auf der Videoleinwand beste Qualit\u00e4t bieten zu k\u00f6nnen, wurde die Videofirma ETV ab 2006 exklusiv f\u00fcr unsere Eventreihe gebucht. Mit Live-Bildern von mehreren Kameras, beeindruckenden Visuals und Video-Clips, wird auch dem nicht so tanzfreudigen Publikum seitdem eine tolle Unterhaltung geboten. Auch die Idee, des bis heute sehr beliebten \u201ePhoto-Corners&#8220; wurde im Jahr 2006 geboren. Unsere PARTYTIME Tour wurde zu einem der gr\u00f6\u00dften Publikumsmagnenten in der Oststeiermark und umfasste bereits 15 Stationen mit Veranstaltungen von 700 &#8211; 3.000 Besuchern!<\/p>\n<p>Seit diesem Jahr war unser BALLDISCO Paket in der Wintersaison eines der meistgebuchtesten in Graz und der ganzen Steiermark. Unsere abwechslungsreiche Videoshow auf 2 Leinw\u00e4nden begeisterte das Publikum auch in den Wintermonaten und durch unsere Kooperation mit der Firma Exel TV konnte immer \u00f6fter eine Live-\u00dcbertragung von Ansprachen, Polonaise und Mitternachtseinlage geboten werden.<\/p>\n<p>Sp\u00e4testens zu diesem Zeitpunkt war WM-SOUNDS eine Marke!<br \/>\n[\/et_pb_text][et_pb_gallery gallery_ids=&#8220;9997,9998,9999,10000&#8243; show_title_and_caption=&#8220;off&#8220; show_pagination=&#8220;off&#8220; _builder_version=&#8220;4.16&#8243; use_border_color=&#8220;off&#8220; border_color=&#8220;#ffffff&#8220; border_style=&#8220;solid&#8220; global_colors_info=&#8220;{}&#8220;]&nbsp;<br \/>\n[\/et_pb_gallery][\/et_pb_column][\/et_pb_row][et_pb_row _builder_version=&#8220;4.16&#8243; background_size=&#8220;initial&#8220; background_position=&#8220;top_left&#8220; background_repeat=&#8220;repeat&#8220; global_colors_info=&#8220;{}&#8220;][et_pb_column type=&#8220;4_4&#8243; _builder_version=&#8220;4.16&#8243; custom_padding=&#8220;|||&#8220; global_colors_info=&#8220;{}&#8220; custom_padding__hover=&#8220;|||&#8220;][et_pb_text _builder_version=&#8220;4.16&#8243; background_size=&#8220;initial&#8220; background_position=&#8220;top_left&#8220; background_repeat=&#8220;repeat&#8220; use_border_color=&#8220;off&#8220; border_color=&#8220;#ffffff&#8220; border_style=&#8220;solid&#8220; global_colors_info=&#8220;{}&#8220;]<strong>2007\/2008 neue Ideen und immer mehr Events:<\/strong><\/p>\n<p>Mit immer neuen Ideen, wie zB der \u201eMember-Card&#8220;, setzten wir weiter die Ma\u00dfst\u00e4be im Eventbereich. Mit dieser Plastikkarte k\u00f6nnen unsere Besucher seit dem Jaht 2007 bei allen Events (mittels Strickcodesytem und einem Leseger\u00e4t &#8211; genannt \u201eCheck-Point&#8220;) Punkte sammeln und diese am Ende des Jahres als Belohnung f\u00fcr viele besuchte Veranstaltungen gegen Getr\u00e4nke wieder eintauschen.<\/p>\n<p>Weiters waren wir auch die erste mobile Disco die seitdem regelm\u00e4\u00dfig g\u00fcnstige Shuttlebusse (in Kooperation mit der \u00d6BB Postbus GmbH) zu den Veranstaltungen angeboten hat. Im Jahr 2008 war die Tour bereits auf 20 Stationen mit \u00fcber 25.000 Besuchern pro Jahr angewachsen. Zusammen mit den vielen Balldiscos und einigen weiteren Events (u.a. 80er Partys mit Udo Huber, Ausstattung von Kronehit Discos, Firmenveranstaltungen, &#8230;) wurden wir damit zur meistgebuchtesten Mobildisco im S\u00fcden \u00d6sterreichs!<\/p>\n<p>Auch viele Kooperationen haben sich \u00fcber die Jahre aufgebaut und wir sind stolz bereits eine langj\u00e4hrige Partnerschaft mit Firmen und Medienpartnern wie WOCHE, Kronehit, Dieselkinos, Styria-Events.com, Raiffeisenclub und Ballguide zu haben.<br \/>\n[\/et_pb_text][et_pb_gallery gallery_ids=&#8220;10002,10003,10004,10005&#8243; show_title_and_caption=&#8220;off&#8220; show_pagination=&#8220;off&#8220; _builder_version=&#8220;4.16&#8243; use_border_color=&#8220;off&#8220; border_color=&#8220;#ffffff&#8220; border_style=&#8220;solid&#8220; global_colors_info=&#8220;{}&#8220;]&nbsp;<br \/>\n[\/et_pb_gallery][\/et_pb_column][\/et_pb_row][et_pb_row _builder_version=&#8220;4.16&#8243; background_size=&#8220;initial&#8220; background_position=&#8220;top_left&#8220; background_repeat=&#8220;repeat&#8220; global_colors_info=&#8220;{}&#8220;][et_pb_column type=&#8220;4_4&#8243; _builder_version=&#8220;4.16&#8243; custom_padding=&#8220;|||&#8220; global_colors_info=&#8220;{}&#8220; custom_padding__hover=&#8220;|||&#8220;][et_pb_text _builder_version=&#8220;4.16&#8243; background_size=&#8220;initial&#8220; background_position=&#8220;top_left&#8220; background_repeat=&#8220;repeat&#8220; use_border_color=&#8220;off&#8220; border_color=&#8220;#ffffff&#8220; border_style=&#8220;solid&#8220; global_colors_info=&#8220;{}&#8220;]<strong>2009 ein Jahr in dem sehr viel passierte:<\/strong><\/p>\n<p>Es war an der Zeit wieder einen gro\u00dfen Schritt nach vorne zu machen und so entstand im Fr\u00fchjahr 2009 unser \u201eTOUR&#8220; Paket. Mit einem komplett neuen B\u00fchnenaufbau, einer fast 6m breiten Video-Wall (inkl. Video-Show mit Visuels, Live-Cams, Musikclips, &#8230;) und vielen neuen Aktionen und Partnern heben wir uns seitdem noch st\u00e4rker von allen anderen Discos ab!<\/p>\n<p>Durch die Kooperation mit Splashline verlosen wir seit 2009 bei jeder TOUR Station Reisegutscheine f\u00fcr Spring Break Europe oder Henry-Village und durch die Zusammenarbeit mit RedBull, Malibu und Havana Club gibt es immer wieder viele Giveaways und tolle Preise bei den Gewinnspielen f\u00fcr unsere Besucher.<\/p>\n<p>Auch bei den gro\u00dfen Balldiscos gab es einige Ver\u00e4nderungen &#8211; zwei Videoleinw\u00e4nde links und rechts neben dem DJ sind seit 2009 ein fixer Bestandteil von unserem beliebten Ballpaket.<\/p>\n<p>Nat\u00fcrlich ist die gute Musik weiterhin der wichtigste Bestandteil bei jedem WM-SOUNDS Tour Event &#8211; damit dies weiterhin so bleibt, haben wir u.a. mit DJ Speedmaster und DJ Chris Wittig zwei der angesagtesten steirischen Deejays in unserem Team. Zusammen mit einem sehr engagierten und erfahrenen Technik Team verfolgen wir nur ein Ziel:<\/p>\n<p>Wir m\u00f6chten weiterhin im Veranstaltungsbereich neue Ma\u00dfst\u00e4be setzten und unsere Besucher bei jeder Veranstaltung bestm\u00f6glich unterhalten!<br \/>\n[\/et_pb_text][et_pb_gallery gallery_ids=&#8220;10008,10009,10010,10011&#8243; show_title_and_caption=&#8220;off&#8220; show_pagination=&#8220;off&#8220; _builder_version=&#8220;4.16&#8243; use_border_color=&#8220;off&#8220; border_color=&#8220;#ffffff&#8220; border_style=&#8220;solid&#8220; global_colors_info=&#8220;{}&#8220;]&nbsp;<br \/>\n[\/et_pb_gallery][\/et_pb_column][\/et_pb_row][et_pb_row _builder_version=&#8220;4.16&#8243; background_size=&#8220;initial&#8220; background_position=&#8220;top_left&#8220; background_repeat=&#8220;repeat&#8220; global_colors_info=&#8220;{}&#8220;][et_pb_column type=&#8220;4_4&#8243; _builder_version=&#8220;4.16&#8243; custom_padding=&#8220;|||&#8220; global_colors_info=&#8220;{}&#8220; custom_padding__hover=&#8220;|||&#8220;][et_pb_text _builder_version=&#8220;4.16&#8243; background_size=&#8220;initial&#8220; background_position=&#8220;top_left&#8220; background_repeat=&#8220;repeat&#8220; hover_enabled=&#8220;0&#8243; use_border_color=&#8220;off&#8220; border_color=&#8220;#ffffff&#8220; border_style=&#8220;solid&#8220; global_colors_info=&#8220;{}&#8220; sticky_enabled=&#8220;0&#8243;]<strong>2010\/2011 noch mehr TOUR Termine und viele Star-Acts:<\/strong><\/p>\n<p>Das Jahr 2010 stand zuerst ganz im Zeichen der 10 Jahresfeier von WM-SOUNDS, denn was sich da am 05.03.2010 im forumKloster Gleisdorf abgespielt hat ist mit Worten schwer zu beschreiben \u2013 es war einfach genial! Ein Bericht mit allen Highlights, Interviews, &#8230; der 10 Jahresfeier wurde im Kabelnetz auf Steiermark 1 und sogar \u00f6sterreichweit auf AUSTRIA 9 ausgestrahlt &#8211; auf unserem youtube Kanal kannst du das Video <strong><a href=\"https:\/\/www.youtube.com\/watch?v=OmAwGCZccqs\" target=\"_blank\" rel=\"noopener\">&gt;&gt; hier<\/a><\/strong> anschauen!<\/p>\n<p>Auch bei unserem BALLDISCO Paket hat sich Anfang 2010 wieder einiges getan &#8211; das Design wurde \u00fcberarbeitet und das eigene Webportal f\u00fcr B\u00e4lle ist ab sofort unter www.balldisco.at und die neue facebook Seite unter www.facebook.com\/balldisco erreichbar! Au\u00dferdem freut es uns sehr, dass wir auch in diesem Jahr wieder die meistgebuchte BALLDISCO in der Steiermark gewesen sind!<\/p>\n<p>Wie jedes Jahr hat sich auch im Jahr 2011 wieder einiges bei WM-SOUNDS getan! E-TECH-AUSTRIA wurde unser neuer Technik Partner bei allen gro\u00dfen Events und dies garantiert Top-Technik &#8211; h\u00f6rbar durch die neue Tonanlage der Fa. SEEBURG Acoustic Line und auch besonders erfreulich f\u00fcr unsere DJs, die jetzt auf Pioneer CDJ2000 und DJM900 Nexus zur\u00fcckgreifen k\u00f6nnen! Au\u00dferdem wird ab der TOUR 2011 bei jedem Event auch ein professionelles Eventvideo vom Profi Exel TV produziert, das die Besucher bereits einige Tage sp\u00e4ter auf unserer Homepage anschauen k\u00f6nnen &#8211; dieses Service f\u00fcr unsere Besucher ist bis jetzt einmalig im Eventbereich! Zu den Eventvideos kommst du &gt;&gt; hier<\/p>\n<p>Weiters ist der italienische Star-DJ IVAN FILLINI und der \u00f6sterreichische Live-Act DIRTY IMPACT feat. Chris Antonio (mit Tom\u2019s Diner auf Platz 1 in den DJ-Charts und bereits mit 2 Songs in die \u00d63Top40 eingestiegen) seit 2011 ein fixer Bestandteil der TOUR!<\/p>\n<p>Unsere Resident DJs sowie alle bew\u00e4hrten Elemente von Photo-Corner bis zur Video-Show, der Lollipop Aktion und die Verlosung von Reisegutscheinen bleiben der TOUR nat\u00fcrlich auch weiterhin erhalten!<\/p>\n<p>Mit 25 Stationen im Jahr 2011 sind wir ohne zu \u00fcbertreiben mittlerweile die gr\u00f6\u00dfte Eventserie im S\u00fcden \u00d6sterreichs und heuer in den Bezirken Graz-Umgebung, Weiz, Hartberg, F\u00fcrstenfeld, Feldbach, Voitsberg, Leibnitz und Jennersdorf mit Events vertreten! Wir freuen uns schon auf die n\u00e4chste gemeinsame Party mit unseren Besuchern!<br \/>\n[\/et_pb_text][et_pb_gallery gallery_ids=&#8220;10016,10017,10018,10019&#8243; show_title_and_caption=&#8220;off&#8220; show_pagination=&#8220;off&#8220; _builder_version=&#8220;4.16&#8243; use_border_color=&#8220;off&#8220; border_color=&#8220;#ffffff&#8220; border_style=&#8220;solid&#8220; global_colors_info=&#8220;{}&#8220;]&nbsp;<br \/>\n[\/et_pb_gallery][\/et_pb_column][\/et_pb_row][\/et_pb_section]<\/p>\n","protected":false},"excerpt":{"rendered":"<p>ABOUT Egal ob Maturaball, Clubbing, Open Air oder Firmenevent &#8211; WM-SOUNDS ist der professionelle Partner f\u00fcr Ihre Veranstaltung! Die gr\u00f6\u00dfte Eventserie im S\u00fcdosten von \u00d6sterreich und Steiermarks beliebteste Balldisco kann bereits auf eine \u00fcber 17 Jahre lange Erfolgsgeschichte zur\u00fcckblicken. Unsere Eventtechnik Sparte bietet beste Qualit\u00e4t zum fairen Preis und ist der optimale Partner f\u00fcr kleine [&hellip;]<\/p>\n","protected":false},"author":1,"featured_media":0,"parent":0,"menu_order":0,"comment_status":"closed","ping_status":"closed","template":"","meta":{"_et_pb_use_builder":"on","_et_pb_old_content":"","_et_gb_content_width":"","footnotes":""},"class_list":["post-8721","page","type-page","status-publish","hentry"],"_links":{"self":[{"href":"https:\/\/www.wm-sounds.at\/home\/wp-json\/wp\/v2\/pages\/8721","targetHints":{"allow":["GET"]}}],"collection":[{"href":"https:\/\/www.wm-sounds.at\/home\/wp-json\/wp\/v2\/pages"}],"about":[{"href":"https:\/\/www.wm-sounds.at\/home\/wp-json\/wp\/v2\/types\/page"}],"author":[{"embeddable":true,"href":"https:\/\/www.wm-sounds.at\/home\/wp-json\/wp\/v2\/users\/1"}],"replies":[{"embeddable":true,"href":"https:\/\/www.wm-sounds.at\/home\/wp-json\/wp\/v2\/comments?post=8721"}],"version-history":[{"count":52,"href":"https:\/\/www.wm-sounds.at\/home\/wp-json\/wp\/v2\/pages\/8721\/revisions"}],"predecessor-version":[{"id":29420,"href":"https:\/\/www.wm-sounds.at\/home\/wp-json\/wp\/v2\/pages\/8721\/revisions\/29420"}],"wp:attachment":[{"href":"https:\/\/www.wm-sounds.at\/home\/wp-json\/wp\/v2\/media?parent=8721"}],"curies":[{"name":"wp","href":"https:\/\/api.w.org\/{rel}","templated":true}]}}